{"id":2174,"date":"2019-02-20T19:21:32","date_gmt":"2019-02-20T18:21:32","guid":{"rendered":"http:\/\/www.ataksja.org.pl\/?page_id=2174"},"modified":"2021-07-03T10:00:02","modified_gmt":"2021-07-03T08:00:02","slug":"forum","status":"publish","type":"page","link":"https:\/\/ataksja.org.pl\/?page_id=2174","title":{"rendered":"Forum"},"content":{"rendered":"<p>Polecamy jako najlepsze \u017ar\u00f3d\u0142o informacji nasze forum na kt\u00f3rym dyskutuj\u0105 osoby chore i ich rodziny na temat choroby, wsparcia, leczenia czy wszelkich porad jak sobie radzi\u0107.<\/p>\n<p style=\"text-align: center;\"><a href=\"http:\/\/www.ataksja.org.pl\/forum\/index.php\"><img loading=\"lazy\" decoding=\"async\" class=\"alignnone size-full wp-image-2204\" src=\"http:\/\/www.ataksja.org.pl\/wp-content\/uploads\/2019\/08\/pobrane.png\" alt=\"\" width=\"251\" height=\"160\" \/><\/a><\/p>\n","protected":false},"excerpt":{"rendered":"<p>Polecamy jako najlepsze \u017ar\u00f3d\u0142o informacji nasze forum na kt\u00f3rym dyskutuj\u0105 osoby chore i ich rodziny na temat choroby, wsparcia, leczenia czy wszelkich porad jak sobie radzi\u0107.<\/p>\n","protected":false},"author":6,"featured_media":0,"parent":0,"menu_order":0,"comment_status":"closed","ping_status":"closed","template":"","meta":{"footnotes":""},"class_list":["post-2174","page","type-page","status-publish","hentry"],"_links":{"self":[{"href":"https:\/\/ataksja.org.pl\/index.php?rest_route=\/wp\/v2\/pages\/2174","targetHints":{"allow":["GET"]}}],"collection":[{"href":"https:\/\/ataksja.org.pl\/index.php?rest_route=\/wp\/v2\/pages"}],"about":[{"href":"https:\/\/ataksja.org.pl\/index.php?rest_route=\/wp\/v2\/types\/page"}],"author":[{"embeddable":true,"href":"https:\/\/ataksja.org.pl\/index.php?rest_route=\/wp\/v2\/users\/6"}],"replies":[{"embeddable":true,"href":"https:\/\/ataksja.org.pl\/index.php?rest_route=%2Fwp%2Fv2%2Fcomments&post=2174"}],"version-history":[{"count":4,"href":"https:\/\/ataksja.org.pl\/index.php?rest_route=\/wp\/v2\/pages\/2174\/revisions"}],"predecessor-version":[{"id":2276,"href":"https:\/\/ataksja.org.pl\/index.php?rest_route=\/wp\/v2\/pages\/2174\/revisions\/2276"}],"wp:attachment":[{"href":"https:\/\/ataksja.org.pl\/index.php?rest_route=%2Fwp%2Fv2%2Fmedia&parent=2174"}],"curies":[{"name":"wp","href":"https:\/\/api.w.org\/{rel}","templated":true}]}}