{"id":19,"date":"2011-09-30T17:38:05","date_gmt":"2011-09-30T15:38:05","guid":{"rendered":"http:\/\/ataksja.home.pl\/autoinstalator\/wordpress\/?page_id=19"},"modified":"2026-01-20T21:41:57","modified_gmt":"2026-01-20T20:41:57","slug":"kontakt","status":"publish","type":"page","link":"https:\/\/ataksja.org.pl\/?page_id=19","title":{"rendered":"Kontakt"},"content":{"rendered":"<p>.<\/p>\n<p style=\"text-align: center;\"><b>Stowarzyszenie Rodzin z Ataksj\u0105 Rdzeniowo-M\u00f3\u017cd\u017ckow\u0105<\/b><\/p>\n<p style=\"text-align: center;\"><b>ul. Dembowskiego 16\/59<\/b><\/p>\n<p style=\"text-align: center;\"><b> 02-784 Warszawa<\/b><\/p>\n<p><strong>Masz pytania dotycz\u0105ce choroby, lek\u00f3w czy rehabilitacji zapraszamy na nasze forum :<\/strong><\/p>\n<p style=\"text-align: center;\"><a class=\"customize-unpreviewable\" href=\"http:\/\/www.ataksja.home.pl\/forum\/index.php\">http:\/\/www.ataksja.home.pl\/forum\/index.php<\/a><\/p>\n<p><strong>Adres do korespondencji:<\/strong><\/p>\n<div style=\"text-align: center;\">Stowarzyszenie Rodzin z Ataksj\u0105 Rdzeniowo &#8211; M\u00f3\u017cd\u017ckow\u0105<\/div>\n<div style=\"text-align: center;\">Marcin \u0141\u0105giewka<\/div>\n<div style=\"text-align: center;\">ul. Mochnackiego 1\/3 m.58<\/div>\n<div style=\"text-align: center;\">\u00a093-160 \u0141\u00f3d\u017a<\/div>\n<p><strong>Kontakt:<\/strong><\/p>\n<p style=\"text-align: center;\"><strong>Marcin \u0141\u0105giewka<\/strong> &#8211; Prezes Stowarzyszenia<\/p>\n<p style=\"text-align: center;\">tel. kom. 533 576 039<\/p>\n<div style=\"text-align: center;\">e-mail: <a href=\"mailto:lagiewkamarcin@gmail.com\">lagiewkamarcin@gmail.com<\/a><\/div>\n<p><span style=\"font-size: small;\">KRS:<b> 0000226419<\/b><\/span><\/p>\n<p>REGON:<b>140058620<\/b><\/p>\n<p>NIP: <b>9512150339<\/b><\/p>\n<p>e-mail: lagiewkamarcin@gmail.com<\/p>\n<p><strong>Konto bankowe:<\/strong><\/p>\n<p>&nbsp;<\/p>\n<div><\/div>\n<p><a><b style=\"text-align: center;\">Credit Agricole Bank Polska S.A. O\/W<\/b>sa<\/a><b style=\"text-align: center;\">arszawa<\/b><\/p>\n<p style=\"text-align: center;\">Numer w formacie NRB: 08 1940 1076 3157 8644 0000 0000<\/p>\n<p style=\"text-align: center;\">Numer w formacie IBAN: PL \u00a008 1940 1076 3157 8644 0000 0000<\/p>\n<p style=\"text-align: center;\">Kod SWIFT \/ BIC: AGRIPLPR<\/p>\n<p><strong>Kontakt z lekarzami<\/strong><br \/>\nInstytut Psychiatrii i Neurologii w Warszawie, ul. Sobieskiego 9 \u2013 tel. (22) 458 27 13<br \/>\nPoradnia Genetyczna IPiN w Warszawie, ul. Sobieskiego 9 \u2013 tel.(22) 45 82 610, (22) 45 82 856<\/p>\n<p><strong>Lekarze neurolodzy:<\/strong><br \/>\ndr.med. Maria Rakowicz \u2013 e-mail: <a>rakowicz@ipin.edu.pl<\/a><br \/>\nRafa\u0142 Rola \u2013 e-mail: <a>rafal.rola@wp.pl<\/a><\/p>\n","protected":false},"excerpt":{"rendered":"<p>. Stowarzyszenie Rodzin z Ataksj\u0105 Rdzeniowo-M\u00f3\u017cd\u017ckow\u0105 ul. Dembowskiego 16\/59 02-784 Warszawa Masz pytania dotycz\u0105ce choroby, lek\u00f3w czy rehabilitacji zapraszamy na nasze forum : http:\/\/www.ataksja.home.pl\/forum\/index.php Adres do korespondencji: Stowarzyszenie Rodzin z Ataksj\u0105 Rdzeniowo &#8211; M\u00f3\u017cd\u017ckow\u0105 Marcin \u0141\u0105giewka ul. Mochnackiego 1\/3 m.58 \u00a093-160 \u0141\u00f3d\u017a Kontakt: Marcin \u0141\u0105giewka &#8211; Prezes Stowarzyszenia tel. kom. 533 576 039 e-mail: lagiewkamarcin@gmail.com [&hellip;]<\/p>\n","protected":false},"author":6,"featured_media":0,"parent":0,"menu_order":0,"comment_status":"open","ping_status":"open","template":"","meta":{"footnotes":""},"class_list":["post-19","page","type-page","status-publish","hentry"],"_links":{"self":[{"href":"https:\/\/ataksja.org.pl\/index.php?rest_route=\/wp\/v2\/pages\/19","targetHints":{"allow":["GET"]}}],"collection":[{"href":"https:\/\/ataksja.org.pl\/index.php?rest_route=\/wp\/v2\/pages"}],"about":[{"href":"https:\/\/ataksja.org.pl\/index.php?rest_route=\/wp\/v2\/types\/page"}],"author":[{"embeddable":true,"href":"https:\/\/ataksja.org.pl\/index.php?rest_route=\/wp\/v2\/users\/6"}],"replies":[{"embeddable":true,"href":"https:\/\/ataksja.org.pl\/index.php?rest_route=%2Fwp%2Fv2%2Fcomments&post=19"}],"version-history":[{"count":39,"href":"https:\/\/ataksja.org.pl\/index.php?rest_route=\/wp\/v2\/pages\/19\/revisions"}],"predecessor-version":[{"id":2280,"href":"https:\/\/ataksja.org.pl\/index.php?rest_route=\/wp\/v2\/pages\/19\/revisions\/2280"}],"wp:attachment":[{"href":"https:\/\/ataksja.org.pl\/index.php?rest_route=%2Fwp%2Fv2%2Fmedia&parent=19"}],"curies":[{"name":"wp","href":"https:\/\/api.w.org\/{rel}","templated":true}]}}