{"id":38,"date":"2011-09-30T18:08:35","date_gmt":"2011-09-30T16:08:35","guid":{"rendered":"http:\/\/ataksja.home.pl\/autoinstalator\/wordpress\/?page_id=38"},"modified":"2026-01-20T21:43:10","modified_gmt":"2026-01-20T20:43:10","slug":"czlonkostwo","status":"publish","type":"page","link":"http:\/\/ataksja.org.pl\/?page_id=38","title":{"rendered":"Cz\u0142onkostwo"},"content":{"rendered":"<p style=\"text-align: center;\"><strong>Do Stowarzyszenia Rodzin z Ataksj\u0105 Rdzeniowo-M\u00f3\u017cd\u017ckow\u0105 mo\u017ce przyst\u0105pi\u0107 ka\u017cdy zainteresowany.<\/strong><\/p>\n<p style=\"text-align: center;\">Z cz\u0142onkostwem zwi\u0105zane s\u0105 prawa, przywileje i obowi\u0105zki z kt\u00f3rymi mo\u017cesz zapozna\u0107 si\u0119 czytaj\u0105c <a href=\"http:\/\/www.ataksja.org.pl\/wp-content\/uploads\/2011\/09\/statut-13.08.2013-stowarzyszenie-ataksja.pdf\">Statut<\/a> Stowarzyszenia.<\/p>\n<p>Je\u017celi akceptujesz warunki Statutu post\u0119puj zgodnie z instrukcj\u0105 :<\/p>\n<ol>\n<li>Pobierz i wype\u0142nij deklaracj\u0119 cz\u0142onkowsk\u0105.<\/li>\n<li>wype\u0142nion\u0105 deklaracj\u0119 wy\u015blij listem zwyk\u0142ym b\u0105d\u017a scan mailowo na <a href=\"http:\/\/www.ataksja.org.pl\/?page_id=19\">adres do kontaktu.<\/a><\/li>\n<li>Op\u0142a\u0107 wpisowe i sk\u0142adk\u0119 za bie\u017c\u0105cy rok na konto podane ni\u017cej.<\/li>\n<\/ol>\n<p>&nbsp;<\/p>\n<p style=\"text-align: center;\"><strong>CREDIT AGRICOLE BANK POLSKA S.A. o\/WARSZAWA<\/strong><\/p>\n<p style=\"text-align: center;\"><strong>08 1940 1076 3157 8644 0000 0000<\/strong><\/p>\n<p style=\"text-align: center;\"><strong>Kod SWIFT\/BIC : AGRIPLPR<\/strong><\/p>\n<p style=\"text-align: center;\">W tytule wpisujemy : wpisowe i sk\u0142adka za rok xxxx imi\u0119 i nazwisko.<\/p>\n<p style=\"text-align: center;\">Wpisowe dotyczy ka\u017cdej osoby przyst\u0119puj\u0105cej do Stowarzyszenia.<\/p>\n<p style=\"text-align: center;\">Wysoko\u015b\u0107 wpisowego i sk\u0142adek cz\u0142onkowskich:<\/p>\n<p style=\"text-align: center;\">&#8211; wpisowe 50 PLN \u2013 jednorazowo<\/p>\n<p style=\"text-align: center;\">&#8211; sk\u0142adka cz\u0142onkowska 120 PLN &#8211; rocznie<\/p>\n<p>&nbsp;<\/p>\n<p>&nbsp;<\/p>\n","protected":false},"excerpt":{"rendered":"<p>Do Stowarzyszenia Rodzin z Ataksj\u0105 Rdzeniowo-M\u00f3\u017cd\u017ckow\u0105 mo\u017ce przyst\u0105pi\u0107 ka\u017cdy zainteresowany. Z cz\u0142onkostwem zwi\u0105zane s\u0105 prawa, przywileje i obowi\u0105zki z kt\u00f3rymi mo\u017cesz zapozna\u0107 si\u0119 czytaj\u0105c Statut Stowarzyszenia. Je\u017celi akceptujesz warunki Statutu post\u0119puj zgodnie z instrukcj\u0105 : Pobierz i wype\u0142nij deklaracj\u0119 cz\u0142onkowsk\u0105. wype\u0142nion\u0105 deklaracj\u0119 wy\u015blij listem zwyk\u0142ym b\u0105d\u017a scan mailowo na adres do kontaktu. Op\u0142a\u0107 wpisowe i [&hellip;]<\/p>\n","protected":false},"author":6,"featured_media":0,"parent":0,"menu_order":0,"comment_status":"open","ping_status":"open","template":"","meta":{"footnotes":""},"class_list":["post-38","page","type-page","status-publish","hentry"],"_links":{"self":[{"href":"http:\/\/ataksja.org.pl\/index.php?rest_route=\/wp\/v2\/pages\/38","targetHints":{"allow":["GET"]}}],"collection":[{"href":"http:\/\/ataksja.org.pl\/index.php?rest_route=\/wp\/v2\/pages"}],"about":[{"href":"http:\/\/ataksja.org.pl\/index.php?rest_route=\/wp\/v2\/types\/page"}],"author":[{"embeddable":true,"href":"http:\/\/ataksja.org.pl\/index.php?rest_route=\/wp\/v2\/users\/6"}],"replies":[{"embeddable":true,"href":"http:\/\/ataksja.org.pl\/index.php?rest_route=%2Fwp%2Fv2%2Fcomments&post=38"}],"version-history":[{"count":20,"href":"http:\/\/ataksja.org.pl\/index.php?rest_route=\/wp\/v2\/pages\/38\/revisions"}],"predecessor-version":[{"id":2281,"href":"http:\/\/ataksja.org.pl\/index.php?rest_route=\/wp\/v2\/pages\/38\/revisions\/2281"}],"wp:attachment":[{"href":"http:\/\/ataksja.org.pl\/index.php?rest_route=%2Fwp%2Fv2%2Fmedia&parent=38"}],"curies":[{"name":"wp","href":"https:\/\/api.w.org\/{rel}","templated":true}]}}