{"id":30,"date":"2011-09-30T18:00:58","date_gmt":"2011-09-30T16:00:58","guid":{"rendered":"http:\/\/ataksja.home.pl\/autoinstalator\/wordpress\/?page_id=30"},"modified":"2017-05-28T21:23:11","modified_gmt":"2017-05-28T19:23:11","slug":"zarzad","status":"publish","type":"page","link":"http:\/\/ataksja.org.pl\/?page_id=30","title":{"rendered":"Zarz\u0105d"},"content":{"rendered":"<p>.<\/p>\n<p><strong>ZARZ\u0104D STOWARZYSZENIA<\/strong><\/p>\n<p>&nbsp;<\/p>\n<p><strong>ZARZ\u0104D:<\/strong><\/p>\n<p>.<br \/>\n1. Marcin \u0141\u0105giewka \u2013 Prezes Zarz\u0105du<br \/>\n2. Gra\u017cyna Jaszczyszyn &#8211; Wiceprezes Zarz\u0105du<br \/>\n3. Beata Lech \u2013 Skarbnik.<br \/>\n4. El\u017cbieta Kupczak \u2013 Sekretarz.<br \/>\n5. Roman Jakubiak \u2013 Cz\u0142onek Zarz\u0105du.<\/p>\n<p>&nbsp;<\/p>\n<p><strong>KOMISJA REWIZYJNA:<\/strong><\/p>\n<p>.<br \/>\n1. Jolanta Ko\u0142odziejczyk \u2013 Przewodnicz\u0105ca.<br \/>\n2. Janusz Luberek \u2013 Cz\u0142onek Komisji.<br \/>\n3. Anna Sowi\u0144ska \u2013 Cz\u0142onek Komisji.<\/p>\n<p>&nbsp;<\/p>\n<p>&nbsp;<\/p>\n","protected":false},"excerpt":{"rendered":"<p>. ZARZ\u0104D STOWARZYSZENIA &nbsp; ZARZ\u0104D: . 1. Marcin \u0141\u0105giewka \u2013 Prezes Zarz\u0105du 2. Gra\u017cyna Jaszczyszyn &#8211; Wiceprezes Zarz\u0105du 3. Beata Lech \u2013 Skarbnik. 4. El\u017cbieta Kupczak \u2013 Sekretarz. 5. Roman Jakubiak \u2013 Cz\u0142onek Zarz\u0105du. &nbsp; KOMISJA REWIZYJNA: . 1. Jolanta Ko\u0142odziejczyk \u2013 Przewodnicz\u0105ca. 2. Janusz Luberek \u2013 Cz\u0142onek Komisji. 3. Anna Sowi\u0144ska \u2013 Cz\u0142onek Komisji. [&hellip;]<\/p>\n","protected":false},"author":6,"featured_media":0,"parent":0,"menu_order":0,"comment_status":"open","ping_status":"open","template":"","meta":{"footnotes":""},"class_list":["post-30","page","type-page","status-publish","hentry"],"_links":{"self":[{"href":"http:\/\/ataksja.org.pl\/index.php?rest_route=\/wp\/v2\/pages\/30","targetHints":{"allow":["GET"]}}],"collection":[{"href":"http:\/\/ataksja.org.pl\/index.php?rest_route=\/wp\/v2\/pages"}],"about":[{"href":"http:\/\/ataksja.org.pl\/index.php?rest_route=\/wp\/v2\/types\/page"}],"author":[{"embeddable":true,"href":"http:\/\/ataksja.org.pl\/index.php?rest_route=\/wp\/v2\/users\/6"}],"replies":[{"embeddable":true,"href":"http:\/\/ataksja.org.pl\/index.php?rest_route=%2Fwp%2Fv2%2Fcomments&post=30"}],"version-history":[{"count":17,"href":"http:\/\/ataksja.org.pl\/index.php?rest_route=\/wp\/v2\/pages\/30\/revisions"}],"predecessor-version":[{"id":2080,"href":"http:\/\/ataksja.org.pl\/index.php?rest_route=\/wp\/v2\/pages\/30\/revisions\/2080"}],"wp:attachment":[{"href":"http:\/\/ataksja.org.pl\/index.php?rest_route=%2Fwp%2Fv2%2Fmedia&parent=30"}],"curies":[{"name":"wp","href":"https:\/\/api.w.org\/{rel}","templated":true}]}}