{"id":1852,"date":"2016-01-11T17:08:20","date_gmt":"2016-01-11T16:08:20","guid":{"rendered":"http:\/\/www.ataksja.org.pl\/?page_id=1852"},"modified":"2020-02-11T20:56:00","modified_gmt":"2020-02-11T19:56:00","slug":"pliki-do-pobrania","status":"publish","type":"page","link":"http:\/\/ataksja.org.pl\/?page_id=1852","title":{"rendered":"Pliki do pobrania"},"content":{"rendered":"<p>.<\/p>\n<p>1. <strong>Deklaracja cz\u0142onkowska\u00a0 &#8211; <a href=\"http:\/\/www.ataksja.org.pl\/wp-content\/uploads\/2020\/02\/deklaracja-Ataksja.pdf\">Pobierz<\/a><\/strong><\/p>\n<p>2. <strong>Ulotka Stowarzyszenia dla wp\u0142at z Polski &#8211; <a href=\"http:\/\/www.ataksja.org.pl\/wp-content\/uploads\/2011\/09\/ulotka-1-strona-1.png\" target=\"_blank\" rel=\"noopener\">Pobierz<\/a><\/strong><\/p>\n<p>3. <strong>Ulotka\u00a0Stowarzyszenia dla wp\u0142at z zagranicy\u00a0 &#8211; <a href=\"http:\/\/www.ataksja.org.pl\/wp-content\/uploads\/2011\/09\/pomoz-nam.png\">Pobierz<\/a><\/strong><\/p>\n<p>4. A<strong>ktualny wypis KRS kliknij<span style=\"color: #0000ff;\"><a href=\"https:\/\/ekrs.ms.gov.pl\/web\/wyszukiwarka-krs\/strona-glowna\/index.html\"><span style=\"color: #0000ff;\"> TUTAJ<\/span><\/a>\u00a0<span style=\"color: #000000;\">nast\u0119pnie zaznacz kwadrat &#8222;<b><em>Stowarzyszenia, inne organizacje spo\u0142. i zawodowe, fundacje, ZOZ<\/em>&#8222;,\u00a0<\/b>wpisz numer naszego KRS &#8211; 00226419\u00a0<\/span><\/span><\/strong><\/p>\n<p>5. <strong>Statut &#8211; <a href=\"http:\/\/www.ataksja.org.pl\/wp-content\/uploads\/2011\/09\/statut-13.08.2013-stowarzyszenie-ataksja.pdf\" target=\"_blank\" rel=\"noopener\">Pobierz w PDF<\/a><\/strong><\/p>\n<p>&nbsp;<\/p>\n<p>Informujemy \u017ce sprawozdania merytoryczno-finansowe naszego Stowarzyszenia dost\u0119pne s\u0105 na stronie:\u00a0<a href=\"https:\/\/sprawozdaniaopp.niw.gov.pl\">https:\/\/sprawozdaniaopp.niw.gov.pl<\/a><\/p>\n<p>Po przej\u015bciu na wskazan\u0105 stron\u0119 wystarczy wpisa\u0107 nasz KRS &#8211; <strong>0000226419<\/strong><\/p>\n<p>&nbsp;<\/p>\n","protected":false},"excerpt":{"rendered":"<p>. 1. Deklaracja cz\u0142onkowska\u00a0 &#8211; Pobierz 2. Ulotka Stowarzyszenia dla wp\u0142at z Polski &#8211; Pobierz 3. Ulotka\u00a0Stowarzyszenia dla wp\u0142at z zagranicy\u00a0 &#8211; Pobierz 4. Aktualny wypis KRS kliknij TUTAJ\u00a0nast\u0119pnie zaznacz kwadrat &#8222;Stowarzyszenia, inne organizacje spo\u0142. i zawodowe, fundacje, ZOZ&#8222;,\u00a0wpisz numer naszego KRS &#8211; 00226419\u00a0 5. Statut &#8211; Pobierz w PDF &nbsp; Informujemy \u017ce sprawozdania merytoryczno-finansowe [&hellip;]<\/p>\n","protected":false},"author":6,"featured_media":0,"parent":0,"menu_order":0,"comment_status":"closed","ping_status":"closed","template":"","meta":{"footnotes":""},"class_list":["post-1852","page","type-page","status-publish","hentry"],"_links":{"self":[{"href":"http:\/\/ataksja.org.pl\/index.php?rest_route=\/wp\/v2\/pages\/1852","targetHints":{"allow":["GET"]}}],"collection":[{"href":"http:\/\/ataksja.org.pl\/index.php?rest_route=\/wp\/v2\/pages"}],"about":[{"href":"http:\/\/ataksja.org.pl\/index.php?rest_route=\/wp\/v2\/types\/page"}],"author":[{"embeddable":true,"href":"http:\/\/ataksja.org.pl\/index.php?rest_route=\/wp\/v2\/users\/6"}],"replies":[{"embeddable":true,"href":"http:\/\/ataksja.org.pl\/index.php?rest_route=%2Fwp%2Fv2%2Fcomments&post=1852"}],"version-history":[{"count":20,"href":"http:\/\/ataksja.org.pl\/index.php?rest_route=\/wp\/v2\/pages\/1852\/revisions"}],"predecessor-version":[{"id":2233,"href":"http:\/\/ataksja.org.pl\/index.php?rest_route=\/wp\/v2\/pages\/1852\/revisions\/2233"}],"wp:attachment":[{"href":"http:\/\/ataksja.org.pl\/index.php?rest_route=%2Fwp%2Fv2%2Fmedia&parent=1852"}],"curies":[{"name":"wp","href":"https:\/\/api.w.org\/{rel}","templated":true}]}}