{"id":109,"date":"2011-09-30T20:33:57","date_gmt":"2011-09-30T18:33:57","guid":{"rendered":"http:\/\/ataksja.home.pl\/autoinstalator\/wordpress\/?page_id=109"},"modified":"2019-01-23T22:49:25","modified_gmt":"2019-01-23T21:49:25","slug":"mozesz-pomoc","status":"publish","type":"page","link":"http:\/\/ataksja.org.pl\/?page_id=109","title":{"rendered":"Pomoc dla nas"},"content":{"rendered":"<p>Udost\u0119pniamy mo\u017cliwo\u015bci pomocy kt\u00f3re tak naprawd\u0119 nie narusz\u0105 Twojego domowego bud\u017cetu:<\/p>\n<p style=\"text-align: center;\">G\u0142\u00f3wnym \u017ar\u00f3d\u0142em pomocy dla nas jest przekazanie 1% swojego podatku, mo\u017cesz to zrobi\u0107 u\u017cywaj\u0105c bezp\u0142atnego programu do rozlicze\u0144 PIT &#8211; wystarczy klikn\u0105\u0107 <a href=\"https:\/\/www.pitax.pl\/rozliczenie-pit-online-0000226419\/?cel=ATAKSJA&amp;fbclid=IwAR1oI1QhCr_Pg9DU4B2ZF-NMcIoQ1FkKimcE6GHB5kuFDYZGE4uwyD8xj_w\">tutaj<\/a> a zostaniesz przeniesiony\/a do programu kt\u00f3ry w bardzo przyst\u0119pny i nieskomplikowany spos\u00f3b przeprowadzi Ci\u0119 przez arkusz PIT.<\/p>\n<p style=\"text-align: center;\">Program ten z g\u00f3ry ma wpisany nasz numer KRS wi\u0119c nie musisz nic wi\u0119cej robi\u0107.<\/p>\n<p>&nbsp;<\/p>\n<p style=\"text-align: center;\">Rozliczaj\u0105c sw\u00f3j PIT samodzielnie Wype\u0142nij odpowiedni\u0105 rubryk\u0119 w rocznym zeznaniu podatkowym (PIT-36, PIT-36L, PIT-37, PIT-28, PIT-38) nale\u017cy wpisa\u0107:<\/p>\n<p style=\"text-align: center;\">\u00a0Pole H &#8211; <strong>WNIOSEK O PRZEKAZANIE 1% PODATKU\u00a0NALE\u017bNEGO NA RZECZ ORGANIZACJI PO\u017bYTKU PUBLICZNEGO (OPP)<\/strong><\/p>\n<ul>\n<li style=\"text-align: center;\">W rubryce 51 nasz numer KRS czyli <strong>0000226419<\/strong><\/li>\n<li style=\"text-align: center;\">W rubryce 52 kwot\u0119 1% podatku wyliczony zgodnie ze wskaz\u00f3wk\u0105 \u00a0po lewej stronie.<\/li>\n<\/ul>\n<p style=\"text-align: center;\"><strong>Bez dodatkowych koszt\u00f3w mo\u017cesz nam r\u00f3wnie\u017c pom\u00f3c robi\u0105c ca\u0142o rocznie zakupy online.<\/strong><\/p>\n<p style=\"text-align: center;\">Fanimani.pl &#8211; portal w kt\u00f3rym mo\u017cesz si\u0119 zarejestrowa\u0107 klikaj\u0105c poni\u017cszy baner. Po rejestracji warto w menu wybra\u0107 instalacj\u0119 &#8222;przypominajki&#8221; kt\u00f3ra przy zakupach online poka\u017ce nam w ka\u017cdej wyszukiwarce kt\u00f3re sklepy wspieraj\u0105 akcj\u0119 pomocy dla wybranej organizacji b\u0105d\u017a wchodz\u0105c w stron\u0119 sklepu poka\u017ce Ci \u017ce mo\u017cesz przy okazji wesprze\u0107 nasze Stowarzyszenie. Warto zauwa\u017cy\u0107 \u017ce robi\u0105c te zakupy nie p\u0142acisz wi\u0119cej bo to sklep dzieli si\u0119 z Nami swoim zyskiem.<\/p>\n<p style=\"text-align: center;\">Kliknij na baner, zarejestruj si\u0119 a p\u00f3\u017aniej kupuj jak zawsze.<\/p>\n<p style=\"text-align: center;\"><a href=\"https:\/\/fanimani.pl\/zaproszenie\/1292\/f31c791f0af148f8ab56658aee7f8731\/\"><img loading=\"lazy\" decoding=\"async\" class=\"alignnone wp-image-2151 size-medium\" src=\"http:\/\/www.ataksja.org.pl\/wp-content\/uploads\/2019\/01\/FaniMani.pl-wspieraj-nas-banery_300x250-300x250.gif\" alt=\"\" width=\"300\" height=\"250\" \/><\/a><\/p>\n<p>&nbsp;<\/p>\n<p>&nbsp;<\/p>\n<p>&nbsp;<\/p>\n<p style=\"text-align: center;\"><strong>Mo\u017cesz r\u00f3wnie\u017c dokona\u0107 dobrowolnej wp\u0142aty na nasze konto:<\/strong><\/p>\n<p style=\"text-align: center;\"><strong>Credit Agricole Bank Polska S.A. O\/Warszawa<\/strong><\/p>\n<p style=\"text-align: center;\"><strong>Numer w formacie NRB: 08 1940 1076 3157 8644 0000 0000<\/strong><\/p>\n<p style=\"text-align: center;\"><strong>Numer w formacie IBAN: PL 08 1940 1076 3157 8644 0000 0000<\/strong><\/p>\n<p style=\"text-align: center;\"><strong>Kod SWIFT \/ BIC: AGRIPLPR<\/strong><\/p>\n<p style=\"text-align: center;\">Za ka\u017cd\u0105 wp\u0142at\u0119 dzi\u0119kujemy<\/p>\n<p style=\"text-align: center;\"><span style=\"color: #ff0000;\"><strong>PAMI\u0118TAJ !!!!<\/strong><\/span><\/p>\n<p style=\"text-align: center;\"><span style=\"color: #ff0000;\"><strong>W NASZYM STOWARZYSZENIU NIKT NIE CZERPIE KORZY\u015aCI MATERIALNYCH ANI RZECZOWYCH Z POMOCY POTRZEBUJ\u0104CYM WI\u0118C MASZ PEWNO\u015a\u0106 \u017bE KA\u017bDA Z\u0141OT\u00d3WKA TWOJEJ POMOCY TRAFIA DO TYCH KT\u00d3RZY TEGO POTRZEBUJ\u0104<\/strong><\/span><\/p>\n<p style=\"text-align: justify;\"><b>Jak jeszcze mo\u017cesz nam pom\u00f3c??<\/b><\/p>\n<ul>\n<li>rozpowszechniaj wpisy z naszej strony<\/li>\n<li>udost\u0119pniaj wpisy na naszym funpage facebook &#8211; <a href=\"https:\/\/www.facebook.com\/ataksja\/\">odno\u015bnik<\/a><\/li>\n<li>wydrukuj i rozpowszechnij nasze ulotki dost\u0119pne w <a href=\"http:\/\/www.ataksja.org.pl\/?page_id=1852\">plikach do pobrania<\/a>.<\/li>\n<li>je\u017celi masz czas a chcia\u0142by\u015b pom\u00f3c naszym chorym <a href=\"http:\/\/www.ataksja.org.pl\/?page_id=19\">napisz lub zadzwo\u0144 do nas<\/a>, nasi chorzy mieszkaj\u0105 w ca\u0142ej Polsce wi\u0119c mo\u017ce kto\u015b w\u0142a\u015bnie w Twojej okolicy potrzebuje pomocy<\/li>\n<\/ul>\n<div id=\"right\" style=\"text-align: justify;\">\n<p>&nbsp;<\/p>\n<p>&nbsp;<\/p>\n<\/div>\n","protected":false},"excerpt":{"rendered":"<p>Udost\u0119pniamy mo\u017cliwo\u015bci pomocy kt\u00f3re tak naprawd\u0119 nie narusz\u0105 Twojego domowego bud\u017cetu: G\u0142\u00f3wnym \u017ar\u00f3d\u0142em pomocy dla nas jest przekazanie 1% swojego podatku, mo\u017cesz to zrobi\u0107 u\u017cywaj\u0105c bezp\u0142atnego programu do rozlicze\u0144 PIT &#8211; wystarczy klikn\u0105\u0107 tutaj a zostaniesz przeniesiony\/a do programu kt\u00f3ry w bardzo przyst\u0119pny i nieskomplikowany spos\u00f3b przeprowadzi Ci\u0119 przez arkusz PIT. Program ten z g\u00f3ry [&hellip;]<\/p>\n","protected":false},"author":6,"featured_media":0,"parent":0,"menu_order":0,"comment_status":"open","ping_status":"open","template":"","meta":{"footnotes":""},"class_list":["post-109","page","type-page","status-publish","hentry"],"_links":{"self":[{"href":"http:\/\/ataksja.org.pl\/index.php?rest_route=\/wp\/v2\/pages\/109","targetHints":{"allow":["GET"]}}],"collection":[{"href":"http:\/\/ataksja.org.pl\/index.php?rest_route=\/wp\/v2\/pages"}],"about":[{"href":"http:\/\/ataksja.org.pl\/index.php?rest_route=\/wp\/v2\/types\/page"}],"author":[{"embeddable":true,"href":"http:\/\/ataksja.org.pl\/index.php?rest_route=\/wp\/v2\/users\/6"}],"replies":[{"embeddable":true,"href":"http:\/\/ataksja.org.pl\/index.php?rest_route=%2Fwp%2Fv2%2Fcomments&post=109"}],"version-history":[{"count":64,"href":"http:\/\/ataksja.org.pl\/index.php?rest_route=\/wp\/v2\/pages\/109\/revisions"}],"predecessor-version":[{"id":2153,"href":"http:\/\/ataksja.org.pl\/index.php?rest_route=\/wp\/v2\/pages\/109\/revisions\/2153"}],"wp:attachment":[{"href":"http:\/\/ataksja.org.pl\/index.php?rest_route=%2Fwp%2Fv2%2Fmedia&parent=109"}],"curies":[{"name":"wp","href":"https:\/\/api.w.org\/{rel}","templated":true}]}}